{"id":5681,"date":"2025-04-30T21:03:41","date_gmt":"2025-04-30T20:03:41","guid":{"rendered":"https:\/\/data-and-data.com\/?page_id=5681"},"modified":"2025-04-30T21:05:49","modified_gmt":"2025-04-30T20:05:49","slug":"mentions-legales","status":"publish","type":"page","link":"https:\/\/data-and-data.com\/en\/mentions-legales\/","title":{"rendered":"Terms of Service"},"content":{"rendered":"<div data-elementor-type=\"wp-page\" data-elementor-id=\"5681\" class=\"elementor elementor-5681\" data-elementor-post-type=\"page\">\n\t\t\t\t<div class=\"elementor-element elementor-element-5b25ab5 e-flex e-con-boxed e-con e-parent\" data-id=\"5b25ab5\" data-element_type=\"container\">\n\t\t\t\t\t<div class=\"e-con-inner\">\n\t\t\t\t<div class=\"elementor-element elementor-element-065fc28 elementor-widget elementor-widget-heading\" data-id=\"065fc28\" data-element_type=\"widget\" data-widget_type=\"heading.default\">\n\t\t\t\t<div class=\"elementor-widget-container\">\n\t\t\t\t\t<h2 class=\"elementor-heading-title elementor-size-default\">Terms of Service\n<\/h2>\t\t\t\t<\/div>\n\t\t\t\t<\/div>\n\t\t\t\t<div class=\"elementor-element elementor-element-b9d2390 elementor-widget elementor-widget-text-editor\" data-id=\"b9d2390\" data-element_type=\"widget\" data-widget_type=\"text-editor.default\">\n\t\t\t\t<div class=\"elementor-widget-container\">\n\t\t\t\t\t\t\t\t\t<p><span style=\"font-weight: 400;\">Derni\u00e8re mise \u00e0 jour : 29.04.2025<\/span><\/p><p><b>\u00c9diteur du site<\/b><\/p><p><span style=\"font-weight: 400;\">Le site data-and-data.com est \u00e9dit\u00e9 par la soci\u00e9t\u00e9 :<\/span><\/p><p><b>D&amp;A (Data &amp; Data)<\/b><span style=\"font-weight: 400;\"><br \/><\/span><span style=\"font-weight: 400;\">SAS au capital de\u00a01 134,00 \u20ac<\/span><span style=\"font-weight: 400;\"><br \/><\/span><span style=\"font-weight: 400;\">Si\u00e8ge social : 26 QUAI DU MESNIL, 94210 SAINT-MAUR-DES-FOSSES, France<\/span><span style=\"font-weight: 400;\"><br \/><\/span><span style=\"font-weight: 400;\">RCS : greffe de CRETEIL , le 27\/09\/2012, 75409148600029<\/span><span style=\"font-weight: 400;\"><br \/><\/span><span style=\"font-weight: 400;\">Num\u00e9ro de TVA intracommunautaire : FR21754091486<\/span><span style=\"font-weight: 400;\"><br \/><\/span><span style=\"font-weight: 400;\">Repr\u00e9sentant l\u00e9gal : Zouheir Guedri, Pr\u00e9sident<\/span><span style=\"font-weight: 400;\"><br \/><\/span><span style=\"font-weight: 400;\">Contact :\u00a0<\/span><a href=\"mailto:contact@data-and-data.com\"><span style=\"font-weight: 400;\">contact@data-and-data.com<\/span><\/a><\/p><p><b>H\u00e9bergement<\/b><b><br \/><\/b><span style=\"font-weight: 400;\">Le site est h\u00e9berg\u00e9 par :<\/span><span style=\"font-weight: 400;\"><br \/><\/span><\/p><p><b>OVH<\/b><span style=\"font-weight: 400;\"><br \/><\/span><span style=\"font-weight: 400;\">2 rue Kellermann &#8211; 59100 Roubaix &#8211; France<\/span><span style=\"font-weight: 400;\"><br \/><\/span><span style=\"font-weight: 400;\">T\u00e9l\u00e9phone : 1007<\/span><span style=\"font-weight: 400;\"><br \/><\/span> <span style=\"font-weight: 400;\">Site web : <\/span><a href=\"http:\/\/www.ovh.com\"><span style=\"font-weight: 400;\">www.ovh.com<\/span><span style=\"font-weight: 400;\"><br \/><\/span><span style=\"font-weight: 400;\"><br \/><\/span><span style=\"font-weight: 400;\"><br \/><\/span><\/a><b>Propri\u00e9t\u00e9 intellectuelle<\/b><\/p><p><span style=\"font-weight: 400;\">L\u2019ensemble des contenus (textes, images, logos, vid\u00e9os, \u00e9l\u00e9ments graphiques, base de donn\u00e9es, etc.) pr\u00e9sents sur le site data-and-data.com sont la propri\u00e9t\u00e9 exclusive de la soci\u00e9t\u00e9 <\/span><b>Data &amp; Data<\/b><span style=\"font-weight: 400;\">, sauf mention contraire, et sont prot\u00e9g\u00e9s par le droit d\u2019auteur et les lois en vigueur sur la propri\u00e9t\u00e9 intellectuelle.<\/span><\/p><p><span style=\"font-weight: 400;\">Toute reproduction, repr\u00e9sentation, modification, publication ou adaptation de tout ou partie des \u00e9l\u00e9ments du site, quel que soit le moyen ou le proc\u00e9d\u00e9 utilis\u00e9, est interdite sauf autorisation \u00e9crite pr\u00e9alable de la soci\u00e9t\u00e9 <\/span><b>Data &amp; Data<\/b><span style=\"font-weight: 400;\">.<\/span><\/p><p>\u00a0<\/p><p><b>Protection des donn\u00e9es personnelles<\/b><\/p><p><span style=\"font-weight: 400;\">Les informations recueillies via les formulaires du site font l\u2019objet d\u2019un traitement destin\u00e9 exclusivement \u00e0 la gestion de la relation client ou \u00e0 la r\u00e9ponse aux demandes re\u00e7ues.<\/span><\/p><p><span style=\"font-weight: 400;\">Conform\u00e9ment au <\/span><b>R\u00e8glement G\u00e9n\u00e9ral sur la Protection des Donn\u00e9es (RGPD)<\/b><span style=\"font-weight: 400;\">, vous disposez d\u2019un droit d\u2019acc\u00e8s, de rectification, de suppression et de portabilit\u00e9 des donn\u00e9es vous concernant. Vous pouvez exercer ce droit en nous contactant \u00e0 l\u2019adresse suivante : <\/span><a href=\"mailto:contact@data-and-data.com\"><span style=\"font-weight: 400;\">contact@data-and-data.com<\/span><\/a><span style=\"font-weight: 400;\">.<\/span><\/p><p><b>Cookies<\/b><\/p><p><span style=\"font-weight: 400;\">Le site data-and-data.com peut \u00eatre amen\u00e9 \u00e0 utiliser des cookies pour am\u00e9liorer l\u2019exp\u00e9rience utilisateur, mesurer l\u2019audience ou proposer des contenus adapt\u00e9s. Vous avez la possibilit\u00e9 de param\u00e9trer ou refuser les cookies en modifiant les pr\u00e9f\u00e9rences de votre navigateur.<\/span><\/p><p><b>Responsabilit\u00e9<\/b><\/p><p><span style=\"font-weight: 400;\">La soci\u00e9t\u00e9 <\/span><b>Data &amp; Data<\/b><span style=\"font-weight: 400;\"> s\u2019efforce de fournir sur le site des informations aussi pr\u00e9cises que possible. Toutefois, elle ne pourra \u00eatre tenue responsable des omissions, des inexactitudes ou des carences dans la mise \u00e0 jour de ces informations.<\/span><\/p>\t\t\t\t\t\t\t\t<\/div>\n\t\t\t\t<\/div>\n\t\t\t\t\t<\/div>\n\t\t\t\t<\/div>\n\t\t\t\t<\/div>","protected":false},"excerpt":{"rendered":"<p>Mentions l\u00e9gales Derni\u00e8re mise \u00e0 jour : 29.04.2025 \u00c9diteur du site Le site data-and-data.com est \u00e9dit\u00e9 par la soci\u00e9t\u00e9 : [&hellip;]<\/p>","protected":false},"author":5,"featured_media":0,"parent":0,"menu_order":0,"comment_status":"closed","ping_status":"closed","template":"","meta":{"site-sidebar-layout":"no-sidebar","site-content-layout":"","ast-site-content-layout":"full-width-container","site-content-style":"default","site-sidebar-style":"default","ast-global-header-display":"","ast-banner-title-visibility":"","ast-main-header-display":"","ast-hfb-above-header-display":"","ast-hfb-below-header-display":"","ast-hfb-mobile-header-display":"","site-post-title":"disabled","ast-breadcrumbs-content":"","ast-featured-img":"disabled","footer-sml-layout":"","theme-transparent-header-meta":"","adv-header-id-meta":"","stick-header-meta":"","header-above-stick-meta":"","header-main-stick-meta":"","header-below-stick-meta":"","astra-migrate-meta-layouts":"default","ast-page-background-enabled":"default","ast-page-background-meta":{"desktop":{"background-color":"var(--ast-global-color-5)","background-image":"","background-repeat":"repeat","background-position":"center center","background-size":"auto","background-attachment":"scroll","background-type":"","background-media":"","overlay-type":"","overlay-color":"","overlay-opacity":"","overlay-gradient":""},"tablet":{"background-color":"","background-image":"","background-repeat":"repeat","background-position":"center center","background-size":"auto","background-attachment":"scroll","background-type":"","background-media":"","overlay-type":"","overlay-color":"","overlay-opacity":"","overlay-gradient":""},"mobile":{"background-color":"","background-image":"","background-repeat":"repeat","background-position":"center center","background-size":"auto","background-attachment":"scroll","background-type":"","background-media":"","overlay-type":"","overlay-color":"","overlay-opacity":"","overlay-gradient":""}},"ast-content-background-meta":{"desktop":{"background-color":"var(--ast-global-color-4)","background-image":"","background-repeat":"repeat","background-position":"center center","background-size":"auto","background-attachment":"scroll","background-type":"","background-media":"","overlay-type":"","overlay-color":"","overlay-opacity":"","overlay-gradient":""},"tablet":{"background-color":"var(--ast-global-color-4)","background-image":"","background-repeat":"repeat","background-position":"center center","background-size":"auto","background-attachment":"scroll","background-type":"","background-media":"","overlay-type":"","overlay-color":"","overlay-opacity":"","overlay-gradient":""},"mobile":{"background-color":"var(--ast-global-color-4)","background-image":"","background-repeat":"repeat","background-position":"center center","background-size":"auto","background-attachment":"scroll","background-type":"","background-media":"","overlay-type":"","overlay-color":"","overlay-opacity":"","overlay-gradient":""}},"footnotes":""},"class_list":["post-5681","page","type-page","status-publish","hentry"],"_links":{"self":[{"href":"https:\/\/data-and-data.com\/en\/wp-json\/wp\/v2\/pages\/5681","targetHints":{"allow":["GET"]}}],"collection":[{"href":"https:\/\/data-and-data.com\/en\/wp-json\/wp\/v2\/pages"}],"about":[{"href":"https:\/\/data-and-data.com\/en\/wp-json\/wp\/v2\/types\/page"}],"author":[{"embeddable":true,"href":"https:\/\/data-and-data.com\/en\/wp-json\/wp\/v2\/users\/5"}],"replies":[{"embeddable":true,"href":"https:\/\/data-and-data.com\/en\/wp-json\/wp\/v2\/comments?post=5681"}],"version-history":[{"count":7,"href":"https:\/\/data-and-data.com\/en\/wp-json\/wp\/v2\/pages\/5681\/revisions"}],"predecessor-version":[{"id":5688,"href":"https:\/\/data-and-data.com\/en\/wp-json\/wp\/v2\/pages\/5681\/revisions\/5688"}],"wp:attachment":[{"href":"https:\/\/data-and-data.com\/en\/wp-json\/wp\/v2\/media?parent=5681"}],"curies":[{"name":"wp","href":"https:\/\/api.w.org\/{rel}","templated":true}]}}