{"id":4950,"date":"2025-03-30T21:06:53","date_gmt":"2025-03-30T20:06:53","guid":{"rendered":"https:\/\/data-and-data.com\/?page_id=4950"},"modified":"2025-05-12T09:45:15","modified_gmt":"2025-05-12T08:45:15","slug":"partenaires","status":"publish","type":"page","link":"https:\/\/data-and-data.com\/en\/partenaires\/","title":{"rendered":"Partners"},"content":{"rendered":"<div data-elementor-type=\"page\" data-elementor-id=\"4950\" class=\"elementor elementor-4950\" data-elementor-post-type=\"page\">\n\t\t\t\t<div class=\"elementor-element elementor-element-2c95bac3 e-con-full e-flex e-con e-parent\" data-id=\"2c95bac3\" data-element_type=\"container\" data-settings=\"{&quot;background_background&quot;:&quot;classic&quot;}\">\n\t\t<div class=\"elementor-element elementor-element-50c0b922 e-con-full e-flex e-con e-child\" data-id=\"50c0b922\" data-element_type=\"container\">\n\t\t<div class=\"elementor-element elementor-element-638c8ae4 e-con-full e-flex e-con e-child\" data-id=\"638c8ae4\" data-element_type=\"container\">\n\t\t\t\t<div class=\"elementor-element elementor-element-3bca8356 elementor-widget__width-initial elementor-widget elementor-widget-heading\" data-id=\"3bca8356\" data-element_type=\"widget\" data-widget_type=\"heading.default\">\n\t\t\t\t<div class=\"elementor-widget-container\">\n\t\t\t\t\t<div class=\"elementor-heading-title elementor-size-default\">PARTNERS<\/div>\t\t\t\t<\/div>\n\t\t\t\t<\/div>\n\t\t\t\t<div class=\"elementor-element elementor-element-55fc8f8e elementor-widget__width-initial elementor-widget elementor-widget-text-editor\" data-id=\"55fc8f8e\" data-element_type=\"widget\" data-widget_type=\"text-editor.default\">\n\t\t\t\t<div class=\"elementor-widget-container\">\n\t\t\t\t\t\t\t\t\t<p>DATA&amp;DATA, a startup that benefits from two prestigious partners, LVMH and Microsoft, to strengthen its two pillars, luxury and technology<\/p>\t\t\t\t\t\t\t\t<\/div>\n\t\t\t\t<\/div>\n\t\t\t\t<\/div>\n\t\t<div class=\"elementor-element elementor-element-5d37a6c8 e-con-full e-flex e-con e-child\" data-id=\"5d37a6c8\" data-element_type=\"container\">\n\t\t\t\t<div class=\"elementor-element elementor-element-2d1bd399 elementor-widget-tablet__width-inherit elementor-widget elementor-widget-image\" data-id=\"2d1bd399\" data-element_type=\"widget\" data-widget_type=\"image.default\">\n\t\t\t\t<div class=\"elementor-widget-container\">\n\t\t\t\t\t\t\t\t\t\t\t\t\t\t\t<img fetchpriority=\"high\" decoding=\"async\" width=\"808\" height=\"465\" src=\"https:\/\/data-and-data.com\/wp-content\/uploads\/2025\/03\/aa136e93d5440e5e83c960d039d2c39d.png\" class=\"attachment-full size-full wp-image-4951\" alt=\"\" srcset=\"https:\/\/data-and-data.com\/wp-content\/uploads\/2025\/03\/aa136e93d5440e5e83c960d039d2c39d.png 808w, https:\/\/data-and-data.com\/wp-content\/uploads\/2025\/03\/aa136e93d5440e5e83c960d039d2c39d-300x173.png 300w, https:\/\/data-and-data.com\/wp-content\/uploads\/2025\/03\/aa136e93d5440e5e83c960d039d2c39d-768x442.png 768w\" sizes=\"(max-width: 808px) 100vw, 808px\" \/>\t\t\t\t\t\t\t\t\t\t\t\t\t\t\t<\/div>\n\t\t\t\t<\/div>\n\t\t\t\t<\/div>\n\t\t\t\t<\/div>\n\t\t\t\t<\/div>\n\t\t<div class=\"elementor-element elementor-element-168273d0 e-con-full e-flex e-con e-parent\" data-id=\"168273d0\" data-element_type=\"container\" data-settings=\"{&quot;background_background&quot;:&quot;classic&quot;}\">\n\t\t<div class=\"elementor-element elementor-element-13e55a9 e-con-full e-flex e-con e-child\" data-id=\"13e55a9\" data-element_type=\"container\">\n\t\t\t\t<div class=\"elementor-element elementor-element-29e4425a elementor-widget__width-initial elementor-widget elementor-widget-heading\" data-id=\"29e4425a\" data-element_type=\"widget\" data-widget_type=\"heading.default\">\n\t\t\t\t<div class=\"elementor-widget-container\">\n\t\t\t\t\t<div class=\"elementor-heading-title elementor-size-default\">La Maison des Startups  LVMH<\/div>\t\t\t\t<\/div>\n\t\t\t\t<\/div>\n\t\t<div class=\"elementor-element elementor-element-67d17807 e-con-full e-flex e-con e-child\" data-id=\"67d17807\" data-element_type=\"container\">\n\t\t<div class=\"elementor-element elementor-element-3c63d494 e-con-full e-flex e-con e-child\" data-id=\"3c63d494\" data-element_type=\"container\">\n\t\t\t\t<div class=\"elementor-element elementor-element-281baf65 elementor-widget__width-initial elementor-widget elementor-widget-heading\" data-id=\"281baf65\" data-element_type=\"widget\" data-widget_type=\"heading.default\">\n\t\t\t\t<div class=\"elementor-widget-container\">\n\t\t\t\t\t<div class=\"elementor-heading-title elementor-size-default\">DATA&amp;DATA a \u00e9t\u00e9 r\u00e9compens\u00e9e par le<\/div>\t\t\t\t<\/div>\n\t\t\t\t<\/div>\n\t\t\t\t<div class=\"elementor-element elementor-element-2fadc124 elementor-widget__width-initial elementor-widget elementor-widget-text-editor\" data-id=\"2fadc124\" data-element_type=\"widget\" data-widget_type=\"text-editor.default\">\n\t\t\t\t<div class=\"elementor-widget-container\">\n\t\t\t\t\t\t\t\t\t<p>\u00a0<span style=\"font-style: inherit; font-weight: inherit; letter-spacing: 0em;\">In the Data &amp; Artificial Intelligence category at VivaTech, the LVMH Innovation Award highlights the world\u2019s best startups.<\/span><\/p>\t\t\t\t\t\t\t\t<\/div>\n\t\t\t\t<\/div>\n\t\t\t\t<div class=\"elementor-element elementor-element-6559a575 elementor-widget__width-initial elementor-widget elementor-widget-heading\" data-id=\"6559a575\" data-element_type=\"widget\" data-widget_type=\"heading.default\">\n\t\t\t\t<div class=\"elementor-widget-container\">\n\t\t\t\t\t<div class=\"elementor-heading-title elementor-size-default\">LVMH Innovation Award 2021<\/div>\t\t\t\t<\/div>\n\t\t\t\t<\/div>\n\t\t\t\t<\/div>\n\t\t\t\t<div class=\"elementor-element elementor-element-6b371c7 elementor-widget__width-initial elementor-widget-mobile__width-initial elementor-widget elementor-widget-video\" data-id=\"6b371c7\" data-element_type=\"widget\" data-settings=\"{&quot;video_type&quot;:&quot;hosted&quot;,&quot;controls&quot;:&quot;yes&quot;}\" data-widget_type=\"video.default\">\n\t\t\t\t<div class=\"elementor-widget-container\">\n\t\t\t\t\t\t\t<div class=\"e-hosted-video elementor-wrapper elementor-open-inline\">\n\t\t\t\t\t<video class=\"elementor-video\" src=\"https:\/\/data-and-data.com\/wp-content\/uploads\/2025\/05\/2022_LVMH_VIVATECH_PASTILLE_GUEDRI_02_VI-2.mp4\" controls=\"\" preload=\"metadata\" controlslist=\"nodownload\"><\/video>\n\t\t\t\t<\/div>\n\t\t\t\t\t\t<\/div>\n\t\t\t\t<\/div>\n\t\t\t\t<\/div>\n\t\t\t\t<\/div>\n\t\t<div class=\"elementor-element elementor-element-4829c37e e-con-full e-flex e-con e-child\" data-id=\"4829c37e\" data-element_type=\"container\">\n\t\t\t\t<div class=\"elementor-element elementor-element-7c69db23 elementor-widget__width-initial elementor-widget elementor-widget-heading\" data-id=\"7c69db23\" data-element_type=\"widget\" data-widget_type=\"heading.default\">\n\t\t\t\t<div class=\"elementor-widget-container\">\n\t\t\t\t\t<div class=\"elementor-heading-title elementor-size-default\"><br>Microsoft<\/div>\t\t\t\t<\/div>\n\t\t\t\t<\/div>\n\t\t<div class=\"elementor-element elementor-element-505f3275 e-con-full e-flex e-con e-child\" data-id=\"505f3275\" data-element_type=\"container\">\n\t\t\t\t<div class=\"elementor-element elementor-element-f93c1e2 elementor-widget__width-initial elementor-widget-mobile__width-initial elementor-widget elementor-widget-image\" data-id=\"f93c1e2\" data-element_type=\"widget\" data-widget_type=\"image.default\">\n\t\t\t\t<div class=\"elementor-widget-container\">\n\t\t\t\t\t\t\t\t\t\t\t\t\t\t\t\t<a href=\"https:\/\/www.youtube.com\/watch?v=ghZCHAcmr84\">\n\t\t\t\t\t\t\t<img decoding=\"async\" width=\"1024\" height=\"640\" src=\"https:\/\/data-and-data.com\/wp-content\/uploads\/2025\/04\/Screenshot-2025-04-15-at-3.55.58\u202fPM-1024x640.png\" class=\"attachment-large size-large wp-image-5404\" alt=\"\" srcset=\"https:\/\/data-and-data.com\/wp-content\/uploads\/2025\/04\/Screenshot-2025-04-15-at-3.55.58\u202fPM-1024x640.png 1024w, https:\/\/data-and-data.com\/wp-content\/uploads\/2025\/04\/Screenshot-2025-04-15-at-3.55.58\u202fPM-300x188.png 300w, https:\/\/data-and-data.com\/wp-content\/uploads\/2025\/04\/Screenshot-2025-04-15-at-3.55.58\u202fPM-768x480.png 768w, https:\/\/data-and-data.com\/wp-content\/uploads\/2025\/04\/Screenshot-2025-04-15-at-3.55.58\u202fPM-1536x960.png 1536w, https:\/\/data-and-data.com\/wp-content\/uploads\/2025\/04\/Screenshot-2025-04-15-at-3.55.58\u202fPM-2048x1280.png 2048w, https:\/\/data-and-data.com\/wp-content\/uploads\/2025\/04\/Screenshot-2025-04-15-at-3.55.58\u202fPM-18x12.png 18w\" sizes=\"(max-width: 1024px) 100vw, 1024px\" \/>\t\t\t\t\t\t\t\t<\/a>\n\t\t\t\t\t\t\t\t\t\t\t\t\t\t\t<\/div>\n\t\t\t\t<\/div>\n\t\t<div class=\"elementor-element elementor-element-2adc5149 e-con-full e-flex e-con e-child\" data-id=\"2adc5149\" data-element_type=\"container\">\n\t\t\t\t<div class=\"elementor-element elementor-element-736d5cf2 elementor-widget__width-initial elementor-widget elementor-widget-text-editor\" data-id=\"736d5cf2\" data-element_type=\"widget\" data-widget_type=\"text-editor.default\">\n\t\t\t\t<div class=\"elementor-widget-container\">\n\t\t\t\t\t\t\t\t\t<p>DATA&amp;DATA is part of the community of leading AI startups supported by Microsoft and Inria.<\/p>\t\t\t\t\t\t\t\t<\/div>\n\t\t\t\t<\/div>\n\t\t\t\t<div class=\"elementor-element elementor-element-553a45dc elementor-widget__width-initial elementor-widget elementor-widget-text-editor\" data-id=\"553a45dc\" data-element_type=\"widget\" data-widget_type=\"text-editor.default\">\n\t\t\t\t<div class=\"elementor-widget-container\">\n\t\t\t\t\t\t\t\t\t<p>As such, it is hosted at Station F and benefits from technical, marketing, and business support from both organizations.<\/p>\t\t\t\t\t\t\t\t<\/div>\n\t\t\t\t<\/div>\n\t\t\t\t<div class=\"elementor-element elementor-element-4bc13118 elementor-widget__width-initial elementor-widget elementor-widget-heading\" data-id=\"4bc13118\" data-element_type=\"widget\" data-widget_type=\"heading.default\">\n\t\t\t\t<div class=\"elementor-widget-container\">\n\t\t\t\t\t<div class=\"elementor-heading-title elementor-size-default\">Microsoft AI Factory<\/div>\t\t\t\t<\/div>\n\t\t\t\t<\/div>\n\t\t\t\t<div class=\"elementor-element elementor-element-33d26839 elementor-widget elementor-widget-image\" data-id=\"33d26839\" data-element_type=\"widget\" data-widget_type=\"image.default\">\n\t\t\t\t<div class=\"elementor-widget-container\">\n\t\t\t\t\t\t\t\t\t\t\t\t\t\t\t<img decoding=\"async\" width=\"244\" height=\"186\" src=\"https:\/\/data-and-data.com\/wp-content\/uploads\/2025\/03\/d43f431573670d39bf572337d0beeed9.png\" class=\"attachment-full size-full wp-image-4957\" alt=\"\" \/>\t\t\t\t\t\t\t\t\t\t\t\t\t\t\t<\/div>\n\t\t\t\t<\/div>\n\t\t\t\t<\/div>\n\t\t\t\t<\/div>\n\t\t\t\t<\/div>\n\t\t\t\t<\/div>\n\t\t<div class=\"elementor-element elementor-element-4a83e6ea e-con-full e-flex e-con e-parent\" data-id=\"4a83e6ea\" data-element_type=\"container\" data-settings=\"{&quot;background_background&quot;:&quot;classic&quot;}\">\n\t\t\t\t<div class=\"elementor-element elementor-element-ed37e9 elementor-widget__width-initial elementor-widget elementor-widget-heading\" data-id=\"ed37e9\" data-element_type=\"widget\" data-widget_type=\"heading.default\">\n\t\t\t\t<div class=\"elementor-widget-container\">\n\t\t\t\t\t<div class=\"elementor-heading-title elementor-size-default\">explorer davantage\n<\/div>\t\t\t\t<\/div>\n\t\t\t\t<\/div>\n\t\t\t\t<div class=\"elementor-element elementor-element-06ef5f3 elementor-widget-mobile__width-inherit elementor-mobile-align-center elementor-widget__width-initial elementor-widget elementor-widget-button\" data-id=\"06ef5f3\" data-element_type=\"widget\" data-widget_type=\"button.default\">\n\t\t\t\t<div class=\"elementor-widget-container\">\n\t\t\t\t\t\t\t\t\t<div class=\"elementor-button-wrapper\">\n\t\t\t\t\t<a class=\"elementor-button elementor-button-link elementor-size-sm\" href=\"https:\/\/data-and-data.com\/en\/experience-experience-client\/\">\n\t\t\t\t\t\t<span class=\"elementor-button-content-wrapper\">\n\t\t\t\t\t\t\t\t\t<span class=\"elementor-button-text\">DATA&DATA EXP\u00c9RIENCE<\/span>\n\t\t\t\t\t<\/span>\n\t\t\t\t\t<\/a>\n\t\t\t\t<\/div>\n\t\t\t\t\t\t\t\t<\/div>\n\t\t\t\t<\/div>\n\t\t\t\t<div class=\"elementor-element elementor-element-fad8d3e elementor-widget-mobile__width-initial elementor-mobile-align-center elementor-widget__width-initial elementor-widget elementor-widget-button\" data-id=\"fad8d3e\" data-element_type=\"widget\" data-widget_type=\"button.default\">\n\t\t\t\t<div class=\"elementor-widget-container\">\n\t\t\t\t\t\t\t\t\t<div class=\"elementor-button-wrapper\">\n\t\t\t\t\t<a class=\"elementor-button elementor-button-link elementor-size-sm\" href=\"https:\/\/data-and-data.com\/en\/solutions-marche-gris\/\">\n\t\t\t\t\t\t<span class=\"elementor-button-content-wrapper\">\n\t\t\t\t\t\t\t\t\t<span class=\"elementor-button-text\">DATA&DATA SOLUTIONS<\/span>\n\t\t\t\t\t<\/span>\n\t\t\t\t\t<\/a>\n\t\t\t\t<\/div>\n\t\t\t\t\t\t\t\t<\/div>\n\t\t\t\t<\/div>\n\t\t\t\t<div class=\"elementor-element elementor-element-9086b56 elementor-widget-mobile__width-initial elementor-mobile-align-center elementor-widget__width-initial elementor-widget elementor-widget-button\" data-id=\"9086b56\" data-element_type=\"widget\" data-widget_type=\"button.default\">\n\t\t\t\t<div class=\"elementor-widget-container\">\n\t\t\t\t\t\t\t\t\t<div class=\"elementor-button-wrapper\">\n\t\t\t\t\t<a class=\"elementor-button elementor-button-link elementor-size-sm\" href=\"https:\/\/data-and-data.com\/en\/contact\/\">\n\t\t\t\t\t\t<span class=\"elementor-button-content-wrapper\">\n\t\t\t\t\t\t\t\t\t<span class=\"elementor-button-text\">NOUS CONTACTER         <\/span>\n\t\t\t\t\t<\/span>\n\t\t\t\t\t<\/a>\n\t\t\t\t<\/div>\n\t\t\t\t\t\t\t\t<\/div>\n\t\t\t\t<\/div>\n\t\t\t\t<\/div>\n\t\t\t\t<\/div>","protected":false},"excerpt":{"rendered":"<p>partenaires DATA&amp;DATA, une startup qui b\u00e9n\u00e9ficie de deux prestigieux partenaires, LVMH et Microsoft, pour renforcer ses deux piliers, luxe et [&hellip;]<\/p>","protected":false},"author":5,"featured_media":0,"parent":0,"menu_order":0,"comment_status":"closed","ping_status":"closed","template":"elementor_header_footer","meta":{"site-sidebar-layout":"default","site-content-layout":"","ast-site-content-layout":"","site-content-style":"default","site-sidebar-style":"default","ast-global-header-display":"","ast-banner-title-visibility":"","ast-main-header-display":"","ast-hfb-above-header-display":"","ast-hfb-below-header-display":"","ast-hfb-mobile-header-display":"","site-post-title":"disabled","ast-breadcrumbs-content":"","ast-featured-img":"","footer-sml-layout":"","theme-transparent-header-meta":"","adv-header-id-meta":"","stick-header-meta":"","header-above-stick-meta":"","header-main-stick-meta":"","header-below-stick-meta":"","astra-migrate-meta-layouts":"default","ast-page-background-enabled":"default","ast-page-background-meta":{"desktop":{"background-color":"var(--ast-global-color-5)","background-image":"","background-repeat":"repeat","background-position":"center center","background-size":"auto","background-attachment":"scroll","background-type":"","background-media":"","overlay-type":"","overlay-color":"","overlay-opacity":"","overlay-gradient":""},"tablet":{"background-color":"","background-image":"","background-repeat":"repeat","background-position":"center center","background-size":"auto","background-attachment":"scroll","background-type":"","background-media":"","overlay-type":"","overlay-color":"","overlay-opacity":"","overlay-gradient":""},"mobile":{"background-color":"","background-image":"","background-repeat":"repeat","background-position":"center center","background-size":"auto","background-attachment":"scroll","background-type":"","background-media":"","overlay-type":"","overlay-color":"","overlay-opacity":"","overlay-gradient":""}},"ast-content-background-meta":{"desktop":{"background-color":"var(--ast-global-color-4)","background-image":"","background-repeat":"repeat","background-position":"center center","background-size":"auto","background-attachment":"scroll","background-type":"","background-media":"","overlay-type":"","overlay-color":"","overlay-opacity":"","overlay-gradient":""},"tablet":{"background-color":"var(--ast-global-color-4)","background-image":"","background-repeat":"repeat","background-position":"center center","background-size":"auto","background-attachment":"scroll","background-type":"","background-media":"","overlay-type":"","overlay-color":"","overlay-opacity":"","overlay-gradient":""},"mobile":{"background-color":"var(--ast-global-color-4)","background-image":"","background-repeat":"repeat","background-position":"center center","background-size":"auto","background-attachment":"scroll","background-type":"","background-media":"","overlay-type":"","overlay-color":"","overlay-opacity":"","overlay-gradient":""}},"footnotes":""},"class_list":["post-4950","page","type-page","status-publish","hentry"],"_links":{"self":[{"href":"https:\/\/data-and-data.com\/en\/wp-json\/wp\/v2\/pages\/4950","targetHints":{"allow":["GET"]}}],"collection":[{"href":"https:\/\/data-and-data.com\/en\/wp-json\/wp\/v2\/pages"}],"about":[{"href":"https:\/\/data-and-data.com\/en\/wp-json\/wp\/v2\/types\/page"}],"author":[{"embeddable":true,"href":"https:\/\/data-and-data.com\/en\/wp-json\/wp\/v2\/users\/5"}],"replies":[{"embeddable":true,"href":"https:\/\/data-and-data.com\/en\/wp-json\/wp\/v2\/comments?post=4950"}],"version-history":[{"count":42,"href":"https:\/\/data-and-data.com\/en\/wp-json\/wp\/v2\/pages\/4950\/revisions"}],"predecessor-version":[{"id":5762,"href":"https:\/\/data-and-data.com\/en\/wp-json\/wp\/v2\/pages\/4950\/revisions\/5762"}],"wp:attachment":[{"href":"https:\/\/data-and-data.com\/en\/wp-json\/wp\/v2\/media?parent=4950"}],"curies":[{"name":"wp","href":"https:\/\/api.w.org\/{rel}","templated":true}]}}