{"id":4927,"date":"2025-03-30T19:42:46","date_gmt":"2025-03-30T18:42:46","guid":{"rendered":"https:\/\/data-and-data.com\/?page_id=4927"},"modified":"2025-04-23T18:26:10","modified_gmt":"2025-04-23T17:26:10","slug":"experience-nos-experts","status":"publish","type":"page","link":"https:\/\/data-and-data.com\/en\/experience-nos-experts\/","title":{"rendered":"Exp\u00e9rience &#8211; Nos experts"},"content":{"rendered":"<div data-elementor-type=\"page\" data-elementor-id=\"4927\" class=\"elementor elementor-4927\" data-elementor-post-type=\"page\">\n\t\t\t\t<div class=\"elementor-element elementor-element-42373659 e-con-full e-flex e-con e-parent\" data-id=\"42373659\" data-element_type=\"container\" data-settings=\"{&quot;background_background&quot;:&quot;classic&quot;}\">\n\t\t<div class=\"elementor-element elementor-element-790bd3af e-con-full e-flex e-con e-child\" data-id=\"790bd3af\" data-element_type=\"container\">\n\t\t<div class=\"elementor-element elementor-element-688a3ab4 e-con-full e-flex e-con e-child\" data-id=\"688a3ab4\" data-element_type=\"container\">\n\t\t<div class=\"elementor-element elementor-element-2bd25fca e-con-full e-flex e-con e-child\" data-id=\"2bd25fca\" data-element_type=\"container\">\n\t\t\t\t<div class=\"elementor-element elementor-element-58acb37b elementor-widget__width-initial elementor-widget elementor-widget-heading\" data-id=\"58acb37b\" data-element_type=\"widget\" data-widget_type=\"heading.default\">\n\t\t\t\t<div class=\"elementor-widget-container\">\n\t\t\t\t\t<div class=\"elementor-heading-title elementor-size-default\">Nos experts<\/div>\t\t\t\t<\/div>\n\t\t\t\t<\/div>\n\t\t\t\t<div class=\"elementor-element elementor-element-163bbbfa elementor-widget__width-initial elementor-widget elementor-widget-text-editor\" data-id=\"163bbbfa\" data-element_type=\"widget\" data-widget_type=\"text-editor.default\">\n\t\t\t\t<div class=\"elementor-widget-container\">\n\t\t\t\t\t\t\t\t\t<p>DATA&amp;DATA : des experts au service de solutions sur mesure&nbsp;<\/p>\t\t\t\t\t\t\t\t<\/div>\n\t\t\t\t<\/div>\n\t\t\t\t<\/div>\n\t\t\t\t<div class=\"elementor-element elementor-element-78db662 elementor-widget__width-initial elementor-widget elementor-widget-heading\" data-id=\"78db662\" data-element_type=\"widget\" data-widget_type=\"heading.default\">\n\t\t\t\t<div class=\"elementor-widget-container\">\n\t\t\t\t\t<div class=\"elementor-heading-title elementor-size-default\">Portrait de Zouheir Guedri, CEO et fondateur<\/div>\t\t\t\t<\/div>\n\t\t\t\t<\/div>\n\t\t\t\t<\/div>\n\t\t\t\t<div class=\"elementor-element elementor-element-597c0c5e elementor-widget elementor-widget-image\" data-id=\"597c0c5e\" data-element_type=\"widget\" data-widget_type=\"image.default\">\n\t\t\t\t<div class=\"elementor-widget-container\">\n\t\t\t\t\t\t\t\t\t\t\t\t\t\t\t<img fetchpriority=\"high\" decoding=\"async\" width=\"809\" height=\"621\" src=\"https:\/\/data-and-data.com\/wp-content\/uploads\/2025\/03\/1b4d0c2c480b62f2b9615010e0089302.png\" class=\"attachment-full size-full wp-image-4928\" alt=\"\" srcset=\"https:\/\/data-and-data.com\/wp-content\/uploads\/2025\/03\/1b4d0c2c480b62f2b9615010e0089302.png 809w, https:\/\/data-and-data.com\/wp-content\/uploads\/2025\/03\/1b4d0c2c480b62f2b9615010e0089302-300x230.png 300w, https:\/\/data-and-data.com\/wp-content\/uploads\/2025\/03\/1b4d0c2c480b62f2b9615010e0089302-768x590.png 768w\" sizes=\"(max-width: 809px) 100vw, 809px\" \/>\t\t\t\t\t\t\t\t\t\t\t\t\t\t\t<\/div>\n\t\t\t\t<\/div>\n\t\t\t\t<\/div>\n\t\t\t\t<\/div>\n\t\t<div class=\"elementor-element elementor-element-51137b83 e-con-full e-flex e-con e-parent\" data-id=\"51137b83\" data-element_type=\"container\" data-settings=\"{&quot;background_background&quot;:&quot;classic&quot;}\">\n\t\t<div class=\"elementor-element elementor-element-3de59ea3 e-con-full e-flex e-con e-child\" data-id=\"3de59ea3\" data-element_type=\"container\">\n\t\t\t\t<div class=\"elementor-element elementor-element-7ea00093 elementor-widget__width-initial elementor-widget elementor-widget-text-editor\" data-id=\"7ea00093\" data-element_type=\"widget\" data-widget_type=\"text-editor.default\">\n\t\t\t\t<div class=\"elementor-widget-container\">\n\t\t\t\t\t\t\t\t\t<p>DATA&amp;DATA est une startup de la Luxury Tech. Zouheir Guedri la cr\u00e9e en 2012, apr\u00e8s 15 ann\u00e9es d\u2019exp\u00e9rience acquises dans le consulting pour PwC et EY, au service de grandes entreprises notamment dans le secteur du luxe.<\/p><p>\u00c0 partir de solutions initialement con\u00e7ues pour le march\u00e9 de la contrefa\u00e7on, DATA&amp;DATA a rapidement \u00e9largi son offre. \u00c0 la demande de ses clients, la startup propose d\u00e9sormais des solutions pour recueillir des informations de qualit\u00e9 sur\u00a0trois march\u00e9s strat\u00e9giques\u00a0:<\/p>\t\t\t\t\t\t\t\t<\/div>\n\t\t\t\t<\/div>\n\t\t\t\t<div class=\"elementor-element elementor-element-6aa5426f elementor-widget__width-initial elementor-widget elementor-widget-text-editor\" data-id=\"6aa5426f\" data-element_type=\"widget\" data-widget_type=\"text-editor.default\">\n\t\t\t\t<div class=\"elementor-widget-container\">\n\t\t\t\t\t\t\t\t\t<p>Une \u00e9quipe form\u00e9e pour servir au mieux des professionnels exigeants, comprendre leurs besoins et leur proposer des solutions personnalis\u00e9es.<\/p><p>Une \u00e9quipe exp\u00e9riment\u00e9e qui fait de DATA&amp;DATA un partenaire de confiance pour les Maisons de luxe, mais aussi dans des secteurs tels que la mode, la maroquinerie, la joaillerie, la parfumerie et l\u2019horlogerie, en Europe et au-del\u00e0. Ainsi, plus de 60% des Maisons horlog\u00e8res suisses font confiance aux experts de DATA&amp;DATA.<\/p>\t\t\t\t\t\t\t\t<\/div>\n\t\t\t\t<\/div>\n\t\t<div class=\"elementor-element elementor-element-6ad7400 e-con-full e-flex e-con e-child\" data-id=\"6ad7400\" data-element_type=\"container\">\n\t\t<div class=\"elementor-element elementor-element-8d79ed1 e-con-full e-flex e-con e-child\" data-id=\"8d79ed1\" data-element_type=\"container\" data-settings=\"{&quot;background_background&quot;:&quot;classic&quot;}\">\n\t\t<div class=\"elementor-element elementor-element-c8fcca5 e-con-full e-flex e-con e-child\" data-id=\"c8fcca5\" data-element_type=\"container\" data-settings=\"{&quot;position&quot;:&quot;absolute&quot;}\">\n\t\t\t\t<div class=\"elementor-element elementor-element-043ce48 elementor-widget__width-initial elementor-widget-tablet__width-initial elementor-widget elementor-widget-heading\" data-id=\"043ce48\" data-element_type=\"widget\" data-widget_type=\"heading.default\">\n\t\t\t\t<div class=\"elementor-widget-container\">\n\t\t\t\t\t<h1 class=\"elementor-heading-title elementor-size-default\"><a href=\"https:\/\/data-and-data.com\/en\/solutions-marche-gris\/\"><u>The Grey Market<\/u><\/a><\/h1>\t\t\t\t<\/div>\n\t\t\t\t<\/div>\n\t\t\t\t<\/div>\n\t\t\t\t<div class=\"elementor-element elementor-element-87b0ce9 elementor-absolute elementor-widget__width-initial elementor-widget elementor-widget-image\" data-id=\"87b0ce9\" data-element_type=\"widget\" data-settings=\"{&quot;_position&quot;:&quot;absolute&quot;}\" data-widget_type=\"image.default\">\n\t\t\t\t<div class=\"elementor-widget-container\">\n\t\t\t\t\t\t\t\t\t\t\t\t\t\t\t<img decoding=\"async\" width=\"384\" height=\"480\" src=\"https:\/\/data-and-data.com\/wp-content\/uploads\/2025\/04\/2-1.svg\" class=\"attachment-full size-full wp-image-5464\" alt=\"\" \/>\t\t\t\t\t\t\t\t\t\t\t\t\t\t\t<\/div>\n\t\t\t\t<\/div>\n\t\t\t\t<\/div>\n\t\t<div class=\"elementor-element elementor-element-549a69a e-con-full e-flex e-con e-child\" data-id=\"549a69a\" data-element_type=\"container\" data-settings=\"{&quot;background_background&quot;:&quot;classic&quot;}\">\n\t\t<div class=\"elementor-element elementor-element-3f2ae9d e-con-full e-flex e-con e-child\" data-id=\"3f2ae9d\" data-element_type=\"container\" data-settings=\"{&quot;position&quot;:&quot;absolute&quot;}\">\n\t\t\t\t<div class=\"elementor-element elementor-element-8f1f65c elementor-widget__width-initial elementor-widget-tablet__width-initial elementor-widget elementor-widget-heading\" data-id=\"8f1f65c\" data-element_type=\"widget\" data-widget_type=\"heading.default\">\n\t\t\t\t<div class=\"elementor-widget-container\">\n\t\t\t\t\t<h1 class=\"elementor-heading-title elementor-size-default translation-block\">THE SECOND-HAND MARKET<\/h1>\t\t\t\t<\/div>\n\t\t\t\t<\/div>\n\t\t\t\t<\/div>\n\t\t\t\t<div class=\"elementor-element elementor-element-72eac58 elementor-absolute elementor-widget__width-initial elementor-widget-mobile__width-initial elementor-widget elementor-widget-image\" data-id=\"72eac58\" data-element_type=\"widget\" data-settings=\"{&quot;_position&quot;:&quot;absolute&quot;}\" data-widget_type=\"image.default\">\n\t\t\t\t<div class=\"elementor-widget-container\">\n\t\t\t\t\t\t\t\t\t\t\t\t\t\t\t<img decoding=\"async\" width=\"384\" height=\"480\" src=\"https:\/\/data-and-data.com\/wp-content\/uploads\/2025\/04\/3-1.svg\" class=\"attachment-full size-full wp-image-5465\" alt=\"\" \/>\t\t\t\t\t\t\t\t\t\t\t\t\t\t\t<\/div>\n\t\t\t\t<\/div>\n\t\t\t\t<\/div>\n\t\t<div class=\"elementor-element elementor-element-44ef2d7 e-con-full e-flex e-con e-child\" data-id=\"44ef2d7\" data-element_type=\"container\" data-settings=\"{&quot;background_background&quot;:&quot;classic&quot;}\">\n\t\t<div class=\"elementor-element elementor-element-a09b0d2 e-con-full e-flex e-con e-child\" data-id=\"a09b0d2\" data-element_type=\"container\" data-settings=\"{&quot;position&quot;:&quot;absolute&quot;}\">\n\t\t\t\t<div class=\"elementor-element elementor-element-38216db elementor-widget__width-initial elementor-widget elementor-widget-heading\" data-id=\"38216db\" data-element_type=\"widget\" data-widget_type=\"heading.default\">\n\t\t\t\t<div class=\"elementor-widget-container\">\n\t\t\t\t\t<h1 class=\"elementor-heading-title elementor-size-default\"><a href=\"https:\/\/data-and-data.com\/en\/solutions-marche-concurrentiel\/\"><u>The Competitive <span style=\"color: var( --e-global-color-primary );text-align: var(--text-align)\"> <br>Intelligence<\/span><\/u><\/a><\/h1>\t\t\t\t<\/div>\n\t\t\t\t<\/div>\n\t\t\t\t<\/div>\n\t\t\t\t<div class=\"elementor-element elementor-element-6f2ff1e elementor-absolute elementor-widget__width-initial elementor-widget-mobile__width-initial elementor-widget elementor-widget-image\" data-id=\"6f2ff1e\" data-element_type=\"widget\" data-settings=\"{&quot;_position&quot;:&quot;absolute&quot;}\" data-widget_type=\"image.default\">\n\t\t\t\t<div class=\"elementor-widget-container\">\n\t\t\t\t\t\t\t\t\t\t\t\t\t\t\t<img loading=\"lazy\" decoding=\"async\" width=\"384\" height=\"480\" src=\"https:\/\/data-and-data.com\/wp-content\/uploads\/2025\/04\/1-1.svg\" class=\"attachment-full size-full wp-image-5463\" alt=\"\" \/>\t\t\t\t\t\t\t\t\t\t\t\t\t\t\t<\/div>\n\t\t\t\t<\/div>\n\t\t\t\t<\/div>\n\t\t\t\t<\/div>\n\t\t\t\t<\/div>\n\t\t\t\t<\/div>\n\t\t\t\t<\/div>","protected":false},"excerpt":{"rendered":"<p>Nos experts DATA&amp;DATA : des experts au service de solutions sur mesure&nbsp; Portrait de Zouheir Guedri, CEO et fondateur DATA&amp;DATA [&hellip;]<\/p>","protected":false},"author":5,"featured_media":0,"parent":0,"menu_order":0,"comment_status":"closed","ping_status":"closed","template":"","meta":{"site-sidebar-layout":"default","site-content-layout":"","ast-site-content-layout":"","site-content-style":"default","site-sidebar-style":"default","ast-global-header-display":"","ast-banner-title-visibility":"","ast-main-header-display":"","ast-hfb-above-header-display":"","ast-hfb-below-header-display":"","ast-hfb-mobile-header-display":"","site-post-title":"disabled","ast-breadcrumbs-content":"","ast-featured-img":"","footer-sml-layout":"","theme-transparent-header-meta":"","adv-header-id-meta":"","stick-header-meta":"","header-above-stick-meta":"","header-main-stick-meta":"","header-below-stick-meta":"","astra-migrate-meta-layouts":"default","ast-page-background-enabled":"default","ast-page-background-meta":{"desktop":{"background-color":"var(--ast-global-color-5)","background-image":"","background-repeat":"repeat","background-position":"center center","background-size":"auto","background-attachment":"scroll","background-type":"","background-media":"","overlay-type":"","overlay-color":"","overlay-opacity":"","overlay-gradient":""},"tablet":{"background-color":"","background-image":"","background-repeat":"repeat","background-position":"center center","background-size":"auto","background-attachment":"scroll","background-type":"","background-media":"","overlay-type":"","overlay-color":"","overlay-opacity":"","overlay-gradient":""},"mobile":{"background-color":"","background-image":"","background-repeat":"repeat","background-position":"center center","background-size":"auto","background-attachment":"scroll","background-type":"","background-media":"","overlay-type":"","overlay-color":"","overlay-opacity":"","overlay-gradient":""}},"ast-content-background-meta":{"desktop":{"background-color":"var(--ast-global-color-4)","background-image":"","background-repeat":"repeat","background-position":"center center","background-size":"auto","background-attachment":"scroll","background-type":"","background-media":"","overlay-type":"","overlay-color":"","overlay-opacity":"","overlay-gradient":""},"tablet":{"background-color":"var(--ast-global-color-4)","background-image":"","background-repeat":"repeat","background-position":"center center","background-size":"auto","background-attachment":"scroll","background-type":"","background-media":"","overlay-type":"","overlay-color":"","overlay-opacity":"","overlay-gradient":""},"mobile":{"background-color":"var(--ast-global-color-4)","background-image":"","background-repeat":"repeat","background-position":"center center","background-size":"auto","background-attachment":"scroll","background-type":"","background-media":"","overlay-type":"","overlay-color":"","overlay-opacity":"","overlay-gradient":""}},"footnotes":""},"class_list":["post-4927","page","type-page","status-publish","hentry"],"_links":{"self":[{"href":"https:\/\/data-and-data.com\/en\/wp-json\/wp\/v2\/pages\/4927","targetHints":{"allow":["GET"]}}],"collection":[{"href":"https:\/\/data-and-data.com\/en\/wp-json\/wp\/v2\/pages"}],"about":[{"href":"https:\/\/data-and-data.com\/en\/wp-json\/wp\/v2\/types\/page"}],"author":[{"embeddable":true,"href":"https:\/\/data-and-data.com\/en\/wp-json\/wp\/v2\/users\/5"}],"replies":[{"embeddable":true,"href":"https:\/\/data-and-data.com\/en\/wp-json\/wp\/v2\/comments?post=4927"}],"version-history":[{"count":20,"href":"https:\/\/data-and-data.com\/en\/wp-json\/wp\/v2\/pages\/4927\/revisions"}],"predecessor-version":[{"id":5656,"href":"https:\/\/data-and-data.com\/en\/wp-json\/wp\/v2\/pages\/4927\/revisions\/5656"}],"wp:attachment":[{"href":"https:\/\/data-and-data.com\/en\/wp-json\/wp\/v2\/media?parent=4927"}],"curies":[{"name":"wp","href":"https:\/\/api.w.org\/{rel}","templated":true}]}}