{"id":4883,"date":"2025-03-30T17:40:58","date_gmt":"2025-03-30T16:40:58","guid":{"rendered":"https:\/\/data-and-data.com\/?page_id=4883"},"modified":"2025-04-30T10:33:55","modified_gmt":"2025-04-30T09:33:55","slug":"solutions-marche-concurrentiel","status":"publish","type":"page","link":"https:\/\/data-and-data.com\/en\/solutions-marche-concurrentiel\/","title":{"rendered":"Solutions &#8211; March\u00e9 concurrentiel"},"content":{"rendered":"<div data-elementor-type=\"page\" data-elementor-id=\"4883\" class=\"elementor elementor-4883\" data-elementor-post-type=\"page\">\n\t\t\t\t<div class=\"elementor-element elementor-element-4ab8c1e3 e-con-full e-flex e-con e-parent\" data-id=\"4ab8c1e3\" data-element_type=\"container\" data-settings=\"{&quot;background_background&quot;:&quot;classic&quot;}\">\n\t\t<div class=\"elementor-element elementor-element-e530281 e-con-full e-flex e-con e-child\" data-id=\"e530281\" data-element_type=\"container\">\n\t\t\t\t<div class=\"elementor-element elementor-element-a9ba149 elementor-widget-tablet__width-inherit elementor-widget elementor-widget-image\" data-id=\"a9ba149\" data-element_type=\"widget\" data-widget_type=\"image.default\">\n\t\t\t\t<div class=\"elementor-widget-container\">\n\t\t\t\t\t\t\t\t\t\t\t\t\t\t\t<img fetchpriority=\"high\" decoding=\"async\" width=\"384\" height=\"480\" src=\"https:\/\/data-and-data.com\/wp-content\/uploads\/2025\/04\/1-1.svg\" class=\"attachment-full size-full wp-image-5463\" alt=\"\" \/>\t\t\t\t\t\t\t\t\t\t\t\t\t\t\t<\/div>\n\t\t\t\t<\/div>\n\t\t<div class=\"elementor-element elementor-element-3811d5f9 e-con-full e-flex e-con e-child\" data-id=\"3811d5f9\" data-element_type=\"container\" data-settings=\"{&quot;background_background&quot;:&quot;gradient&quot;}\">\n\t\t\t\t<div class=\"elementor-element elementor-element-50f56f02 elementor-widget__width-initial elementor-widget elementor-widget-text-editor\" data-id=\"50f56f02\" data-element_type=\"widget\" data-widget_type=\"text-editor.default\">\n\t\t\t\t<div class=\"elementor-widget-container\">\n\t\t\t\t\t\t\t\t\t<p>The reality of the online marketplace isn't always what you think<\/p>\t\t\t\t\t\t\t\t<\/div>\n\t\t\t\t<\/div>\n\t\t\t\t<div class=\"elementor-element elementor-element-1894e48a elementor-widget__width-initial elementor-widget elementor-widget-text-editor\" data-id=\"1894e48a\" data-element_type=\"widget\" data-widget_type=\"text-editor.default\">\n\t\t\t\t<div class=\"elementor-widget-container\">\n\t\t\t\t\t\t\t\t\tBrands still too often believe that their brand is being properly promoted. The reality is quite different, and competitive pressure is real. <br\/><br\/>It is essential that you have data that allows you to assess and monitor the quality of your distribution.\t\t\t\t\t\t\t\t<\/div>\n\t\t\t\t<\/div>\n\t\t\t\t<\/div>\n\t\t\t\t<\/div>\n\t\t<div class=\"elementor-element elementor-element-7ebe9230 e-con-full e-flex e-con e-child\" data-id=\"7ebe9230\" data-element_type=\"container\">\n\t\t<div class=\"elementor-element elementor-element-1ebcdcd2 e-con-full e-flex e-con e-child\" data-id=\"1ebcdcd2\" data-element_type=\"container\">\n\t\t\t\t<div class=\"elementor-element elementor-element-36362d91 elementor-widget__width-initial elementor-widget elementor-widget-heading\" data-id=\"36362d91\" data-element_type=\"widget\" data-widget_type=\"heading.default\">\n\t\t\t\t<div class=\"elementor-widget-container\">\n\t\t\t\t\t<div class=\"elementor-heading-title elementor-size-default\">THE COMPETITIVE MARKET<\/div>\t\t\t\t<\/div>\n\t\t\t\t<\/div>\n\t\t<div class=\"elementor-element elementor-element-67354e92 e-con-full e-flex e-con e-child\" data-id=\"67354e92\" data-element_type=\"container\">\n\t\t\t\t<div class=\"elementor-element elementor-element-577510df elementor-widget__width-initial elementor-widget elementor-widget-text-editor\" data-id=\"577510df\" data-element_type=\"widget\" data-widget_type=\"text-editor.default\">\n\t\t\t\t<div class=\"elementor-widget-container\">\n\t\t\t\t\t\t\t\t\t<p>Gain competitive intelligence to stay one step ahead, adapt your strategy and seize the advantage.<\/p>\t\t\t\t\t\t\t\t<\/div>\n\t\t\t\t<\/div>\n\t\t\t\t<div class=\"elementor-element elementor-element-f444631 elementor-widget__width-initial elementor-widget elementor-widget-text-editor\" data-id=\"f444631\" data-element_type=\"widget\" data-widget_type=\"text-editor.default\">\n\t\t\t\t<div class=\"elementor-widget-container\">\n\t\t\t\t\t\t\t\t\t<p>Are you a Marketing Director and want to make sure your products are well positioned compared to your competitors on partner sites? Are you wondering if your digital communication campaigns are being properly distributed? <br \/><br \/>Are you a Sales Director and want to monitor changes in your market? Are you looking to find out where new stores are opening around the world?<\/p>\t\t\t\t\t\t\t\t<\/div>\n\t\t\t\t<\/div>\n\t\t\t\t<\/div>\n\t\t\t\t<\/div>\n\t\t<div class=\"elementor-element elementor-element-5aee845f e-con-full e-flex e-con e-child\" data-id=\"5aee845f\" data-element_type=\"container\">\n\t\t\t\t<div class=\"elementor-element elementor-element-5766fd14 elementor-widget__width-initial elementor-widget elementor-widget-text-editor\" data-id=\"5766fd14\" data-element_type=\"widget\" data-widget_type=\"text-editor.default\">\n\t\t\t\t<div class=\"elementor-widget-container\">\n\t\t\t\t\t\t\t\t\tHere are 3 essential points to control to grow in a very competitive online market\t\t\t\t\t\t\t\t<\/div>\n\t\t\t\t<\/div>\n\t\t\t\t<div class=\"elementor-element elementor-element-67c4bf42 elementor-widget__width-initial elementor-widget elementor-widget-text-editor\" data-id=\"67c4bf42\" data-element_type=\"widget\" data-widget_type=\"text-editor.default\">\n\t\t\t\t<div class=\"elementor-widget-container\">\n\t\t\t\t\t\t\t\t\t<p><strong>Check your brand's online visibility on your partner sites<\/strong> <br \/>Examine whether your products are well positioned compared to the competition, whether they are well referenced in the catalog and whether the right media campaigns are being broadcast<\/p><p><strong>Manage stock management<\/strong> <br \/>Ensure in real time that your products are available for sale online in your distribution network and avoid stock shortages.<\/p><p><strong>Monitor your competitors<\/strong> <br \/>Follow the evolution of prices and distribution of competing products (store openings and closures, new authorized resellers, new partner sites, etc.)<\/p>\t\t\t\t\t\t\t\t<\/div>\n\t\t\t\t<\/div>\n\t\t\t\t<\/div>\n\t\t<div class=\"elementor-element elementor-element-697b985a e-con-full e-flex e-con e-child\" data-id=\"697b985a\" data-element_type=\"container\">\n\t\t\t\t<div class=\"elementor-element elementor-element-7cad7423 elementor-widget__width-initial elementor-widget elementor-widget-text-editor\" data-id=\"7cad7423\" data-element_type=\"widget\" data-widget_type=\"text-editor.default\">\n\t\t\t\t<div class=\"elementor-widget-container\">\n\t\t\t\t\t\t\t\t\t<p>What tools are available to develop growth opportunities in a competitive market?<\/p>\t\t\t\t\t\t\t\t<\/div>\n\t\t\t\t<\/div>\n\t\t\t\t<div class=\"elementor-element elementor-element-4c70bcf7 elementor-widget__width-initial elementor-widget elementor-widget-text-editor\" data-id=\"4c70bcf7\" data-element_type=\"widget\" data-widget_type=\"text-editor.default\">\n\t\t\t\t<div class=\"elementor-widget-container\">\n\t\t\t\t\t\t\t\t\t<p>DATA&amp;DATA solutions allow you to quantify and qualify the distribution of your brand and that of your competitors on your market:<br \/><br \/>Visibility score of your brand on each official partner site, taking into account your positioning and that of your competitors on the pages dedicated to your product categories <br \/><br \/>Analysis of the content (images, texts, etc.) highlighted on partner sites <br \/><br \/>Monitoring of price changes for your competing brands <br \/><br \/>Mapping of your competitors' physical stores <br \/><br \/>Study of your catalog and the stock available for sale online <br \/><br \/>DATA&amp;DATA gives you the means to take control of the distribution of your products online.<\/p>\t\t\t\t\t\t\t\t<\/div>\n\t\t\t\t<\/div>\n\t\t\t\t<\/div>\n\t\t<div class=\"elementor-element elementor-element-50b560bf e-con-full e-flex e-con e-child\" data-id=\"50b560bf\" data-element_type=\"container\">\n\t\t<div class=\"elementor-element elementor-element-55934179 e-con-full e-flex e-con e-child\" data-id=\"55934179\" data-element_type=\"container\">\n\t\t<div class=\"elementor-element elementor-element-20831a79 e-con-full e-flex e-con e-child\" data-id=\"20831a79\" data-element_type=\"container\">\n\t\t\t\t<div class=\"elementor-element elementor-element-2fdb2282 elementor-widget__width-initial elementor-widget elementor-widget-text-editor\" data-id=\"2fdb2282\" data-element_type=\"widget\" data-widget_type=\"text-editor.default\">\n\t\t\t\t<div class=\"elementor-widget-container\">\n\t\t\t\t\t\t\t\t\tAccess monthly dashboards via our secure online platform\u200b \t\t\t\t\t\t\t\t<\/div>\n\t\t\t\t<\/div>\n\t\t\t\t<div class=\"elementor-element elementor-element-3cf65b9c elementor-widget__width-initial elementor-widget elementor-widget-text-editor\" data-id=\"3cf65b9c\" data-element_type=\"widget\" data-widget_type=\"text-editor.default\">\n\t\t\t\t<div class=\"elementor-widget-container\">\n\t\t\t\t\t\t\t\t\t<p>Explicit and easy to use, our dashboards summarize key indicators that enable Marketing and Sales departments to make the right strategic and operational decisions. The dashboards are customizable and downloadable.<\/p>\t\t\t\t\t\t\t\t<\/div>\n\t\t\t\t<\/div>\n\t\t\t\t<\/div>\n\t\t\t\t<div class=\"elementor-element elementor-element-6a1c8cad elementor-widget-tablet__width-inherit elementor-widget elementor-widget-image\" data-id=\"6a1c8cad\" data-element_type=\"widget\" data-widget_type=\"image.default\">\n\t\t\t\t<div class=\"elementor-widget-container\">\n\t\t\t\t\t\t\t\t\t\t\t\t\t\t\t<img decoding=\"async\" width=\"1200\" height=\"625\" src=\"https:\/\/data-and-data.com\/wp-content\/uploads\/2025\/04\/Swati-DataData-3.png\" class=\"attachment-full size-full wp-image-5608\" alt=\"\" srcset=\"https:\/\/data-and-data.com\/wp-content\/uploads\/2025\/04\/Swati-DataData-3.png 1200w, https:\/\/data-and-data.com\/wp-content\/uploads\/2025\/04\/Swati-DataData-3-300x156.png 300w, https:\/\/data-and-data.com\/wp-content\/uploads\/2025\/04\/Swati-DataData-3-1024x533.png 1024w, https:\/\/data-and-data.com\/wp-content\/uploads\/2025\/04\/Swati-DataData-3-768x400.png 768w, https:\/\/data-and-data.com\/wp-content\/uploads\/2025\/04\/Swati-DataData-3-18x9.png 18w\" sizes=\"(max-width: 1200px) 100vw, 1200px\" \/>\t\t\t\t\t\t\t\t\t\t\t\t\t\t\t<\/div>\n\t\t\t\t<\/div>\n\t\t\t\t<\/div>\n\t\t\t\t<div class=\"elementor-element elementor-element-76cf8a3c elementor-align-center elementor-widget elementor-widget-button\" data-id=\"76cf8a3c\" data-element_type=\"widget\" data-widget_type=\"button.default\">\n\t\t\t\t<div class=\"elementor-widget-container\">\n\t\t\t\t\t\t\t\t\t<div class=\"elementor-button-wrapper\">\n\t\t\t\t\t<a class=\"elementor-button elementor-button-link elementor-size-sm\" href=\"https:\/\/data-and-data.com\/en\/contact\/\">\n\t\t\t\t\t\t<span class=\"elementor-button-content-wrapper\">\n\t\t\t\t\t\t<span class=\"elementor-button-icon\">\n\t\t\t\t<svg xmlns=\"http:\/\/www.w3.org\/2000\/svg\" width=\"30\" height=\"20\" viewbox=\"0 0 30 20\" fill=\"none\"><path d=\"M0 10H28.0357\" stroke=\"white\" stroke-miterlimit=\"10\"><\/path><path d=\"M18.5713 0.994873L28.0356 10L18.5713 19.0052\" stroke=\"white\" stroke-miterlimit=\"10\"><\/path><\/svg>\t\t\t<\/span>\n\t\t\t\t\t\t\t\t\t<span class=\"elementor-button-text\">Schedule A Demo<\/span>\n\t\t\t\t\t<\/span>\n\t\t\t\t\t<\/a>\n\t\t\t\t<\/div>\n\t\t\t\t\t\t\t\t<\/div>\n\t\t\t\t<\/div>\n\t\t\t\t<\/div>\n\t\t\t\t<\/div>\n\t\t\t\t<\/div>\n\t\t<div class=\"elementor-element elementor-element-cf13b40 e-con-full e-flex e-con e-parent\" data-id=\"cf13b40\" data-element_type=\"container\" data-settings=\"{&quot;background_background&quot;:&quot;classic&quot;}\">\n\t\t\t\t<div class=\"elementor-element elementor-element-5091b6b8 elementor-widget__width-initial elementor-widget elementor-widget-heading\" data-id=\"5091b6b8\" data-element_type=\"widget\" data-widget_type=\"heading.default\">\n\t\t\t\t<div class=\"elementor-widget-container\">\n\t\t\t\t\t<div class=\"elementor-heading-title elementor-size-default\">See Our Solutions For<\/div>\t\t\t\t<\/div>\n\t\t\t\t<\/div>\n\t\t<div class=\"elementor-element elementor-element-4a4d0a4 e-con-full e-flex e-con e-child\" data-id=\"4a4d0a4\" data-element_type=\"container\">\n\t\t<div class=\"elementor-element elementor-element-bc8b3eb e-con-full e-flex e-con e-child\" data-id=\"bc8b3eb\" data-element_type=\"container\" data-settings=\"{&quot;background_background&quot;:&quot;classic&quot;}\">\n\t\t<div class=\"elementor-element elementor-element-283d0db e-con-full e-flex e-con e-child\" data-id=\"283d0db\" data-element_type=\"container\" data-settings=\"{&quot;position&quot;:&quot;absolute&quot;}\">\n\t\t\t\t<div class=\"elementor-element elementor-element-8ea73a3 elementor-widget__width-initial elementor-widget-tablet__width-initial elementor-widget elementor-widget-heading\" data-id=\"8ea73a3\" data-element_type=\"widget\" data-widget_type=\"heading.default\">\n\t\t\t\t<div class=\"elementor-widget-container\">\n\t\t\t\t\t<h1 class=\"elementor-heading-title elementor-size-default\"><a href=\"https:\/\/data-and-data.com\/en\/solutions-marche-gris\/\"><u>The Grey Market<\/u><\/a><\/h1>\t\t\t\t<\/div>\n\t\t\t\t<\/div>\n\t\t\t\t<\/div>\n\t\t\t\t<div class=\"elementor-element elementor-element-2917bb1 elementor-absolute elementor-widget__width-initial elementor-widget elementor-widget-image\" data-id=\"2917bb1\" data-element_type=\"widget\" data-settings=\"{&quot;_position&quot;:&quot;absolute&quot;}\" data-widget_type=\"image.default\">\n\t\t\t\t<div class=\"elementor-widget-container\">\n\t\t\t\t\t\t\t\t\t\t\t\t\t\t\t<img decoding=\"async\" width=\"384\" height=\"480\" src=\"https:\/\/data-and-data.com\/wp-content\/uploads\/2025\/04\/2-1.svg\" class=\"attachment-full size-full wp-image-5464\" alt=\"\" \/>\t\t\t\t\t\t\t\t\t\t\t\t\t\t\t<\/div>\n\t\t\t\t<\/div>\n\t\t\t\t<\/div>\n\t\t<div class=\"elementor-element elementor-element-00d0074 e-con-full e-flex e-con e-child\" data-id=\"00d0074\" data-element_type=\"container\" data-settings=\"{&quot;background_background&quot;:&quot;classic&quot;}\">\n\t\t<div class=\"elementor-element elementor-element-64bf0e9 e-con-full e-flex e-con e-child\" data-id=\"64bf0e9\" data-element_type=\"container\" data-settings=\"{&quot;position&quot;:&quot;absolute&quot;}\">\n\t\t\t\t<div class=\"elementor-element elementor-element-ef55d71 elementor-widget__width-initial elementor-widget-tablet__width-initial elementor-widget elementor-widget-heading\" data-id=\"ef55d71\" data-element_type=\"widget\" data-widget_type=\"heading.default\">\n\t\t\t\t<div class=\"elementor-widget-container\">\n\t\t\t\t\t<h1 class=\"elementor-heading-title elementor-size-default translation-block\">THE SECOND-HAND MARKET<\/h1>\t\t\t\t<\/div>\n\t\t\t\t<\/div>\n\t\t\t\t<\/div>\n\t\t\t\t<div class=\"elementor-element elementor-element-fa643ce elementor-absolute elementor-widget__width-initial elementor-widget elementor-widget-image\" data-id=\"fa643ce\" data-element_type=\"widget\" data-settings=\"{&quot;_position&quot;:&quot;absolute&quot;}\" data-widget_type=\"image.default\">\n\t\t\t\t<div class=\"elementor-widget-container\">\n\t\t\t\t\t\t\t\t\t\t\t\t\t\t\t<img loading=\"lazy\" decoding=\"async\" width=\"384\" height=\"480\" src=\"https:\/\/data-and-data.com\/wp-content\/uploads\/2025\/04\/3-1.svg\" class=\"attachment-full size-full wp-image-5465\" alt=\"\" \/>\t\t\t\t\t\t\t\t\t\t\t\t\t\t\t<\/div>\n\t\t\t\t<\/div>\n\t\t\t\t<\/div>\n\t\t\t\t<\/div>\n\t\t\t\t<\/div>\n\t\t\t\t<\/div>","protected":false},"excerpt":{"rendered":"<p>La r\u00e9alit\u00e9 du march\u00e9 en ligne n\u2019est pas toujours celle que vous croyez Les marques pensent encore trop souvent que [&hellip;]<\/p>","protected":false},"author":5,"featured_media":0,"parent":0,"menu_order":0,"comment_status":"closed","ping_status":"closed","template":"","meta":{"site-sidebar-layout":"default","site-content-layout":"","ast-site-content-layout":"","site-content-style":"default","site-sidebar-style":"default","ast-global-header-display":"","ast-banner-title-visibility":"","ast-main-header-display":"","ast-hfb-above-header-display":"","ast-hfb-below-header-display":"","ast-hfb-mobile-header-display":"","site-post-title":"disabled","ast-breadcrumbs-content":"","ast-featured-img":"","footer-sml-layout":"","theme-transparent-header-meta":"","adv-header-id-meta":"","stick-header-meta":"","header-above-stick-meta":"","header-main-stick-meta":"","header-below-stick-meta":"","astra-migrate-meta-layouts":"default","ast-page-background-enabled":"default","ast-page-background-meta":{"desktop":{"background-color":"var(--ast-global-color-5)","background-image":"","background-repeat":"repeat","background-position":"center center","background-size":"auto","background-attachment":"scroll","background-type":"","background-media":"","overlay-type":"","overlay-color":"","overlay-opacity":"","overlay-gradient":""},"tablet":{"background-color":"","background-image":"","background-repeat":"repeat","background-position":"center center","background-size":"auto","background-attachment":"scroll","background-type":"","background-media":"","overlay-type":"","overlay-color":"","overlay-opacity":"","overlay-gradient":""},"mobile":{"background-color":"","background-image":"","background-repeat":"repeat","background-position":"center center","background-size":"auto","background-attachment":"scroll","background-type":"","background-media":"","overlay-type":"","overlay-color":"","overlay-opacity":"","overlay-gradient":""}},"ast-content-background-meta":{"desktop":{"background-color":"var(--ast-global-color-4)","background-image":"","background-repeat":"repeat","background-position":"center center","background-size":"auto","background-attachment":"scroll","background-type":"","background-media":"","overlay-type":"","overlay-color":"","overlay-opacity":"","overlay-gradient":""},"tablet":{"background-color":"var(--ast-global-color-4)","background-image":"","background-repeat":"repeat","background-position":"center center","background-size":"auto","background-attachment":"scroll","background-type":"","background-media":"","overlay-type":"","overlay-color":"","overlay-opacity":"","overlay-gradient":""},"mobile":{"background-color":"var(--ast-global-color-4)","background-image":"","background-repeat":"repeat","background-position":"center center","background-size":"auto","background-attachment":"scroll","background-type":"","background-media":"","overlay-type":"","overlay-color":"","overlay-opacity":"","overlay-gradient":""}},"footnotes":""},"class_list":["post-4883","page","type-page","status-publish","hentry"],"_links":{"self":[{"href":"https:\/\/data-and-data.com\/en\/wp-json\/wp\/v2\/pages\/4883","targetHints":{"allow":["GET"]}}],"collection":[{"href":"https:\/\/data-and-data.com\/en\/wp-json\/wp\/v2\/pages"}],"about":[{"href":"https:\/\/data-and-data.com\/en\/wp-json\/wp\/v2\/types\/page"}],"author":[{"embeddable":true,"href":"https:\/\/data-and-data.com\/en\/wp-json\/wp\/v2\/users\/5"}],"replies":[{"embeddable":true,"href":"https:\/\/data-and-data.com\/en\/wp-json\/wp\/v2\/comments?post=4883"}],"version-history":[{"count":20,"href":"https:\/\/data-and-data.com\/en\/wp-json\/wp\/v2\/pages\/4883\/revisions"}],"predecessor-version":[{"id":5680,"href":"https:\/\/data-and-data.com\/en\/wp-json\/wp\/v2\/pages\/4883\/revisions\/5680"}],"wp:attachment":[{"href":"https:\/\/data-and-data.com\/en\/wp-json\/wp\/v2\/media?parent=4883"}],"curies":[{"name":"wp","href":"https:\/\/api.w.org\/{rel}","templated":true}]}}