{"id":4872,"date":"2025-03-30T17:35:24","date_gmt":"2025-03-30T16:35:24","guid":{"rendered":"https:\/\/data-and-data.com\/?page_id=4872"},"modified":"2025-04-30T10:32:52","modified_gmt":"2025-04-30T09:32:52","slug":"solutions-seconde-main","status":"publish","type":"page","link":"https:\/\/data-and-data.com\/en\/solutions-seconde-main\/","title":{"rendered":"Solutions &#8211; Seconde main"},"content":{"rendered":"<div data-elementor-type=\"page\" data-elementor-id=\"4872\" class=\"elementor elementor-4872\" data-elementor-post-type=\"page\">\n\t\t\t\t<div class=\"elementor-element elementor-element-18c91c01 e-con-full e-flex e-con e-parent\" data-id=\"18c91c01\" data-element_type=\"container\" data-settings=\"{&quot;background_background&quot;:&quot;classic&quot;}\">\n\t\t<div class=\"elementor-element elementor-element-396025eb e-con-full e-flex e-con e-child\" data-id=\"396025eb\" data-element_type=\"container\">\n\t\t\t\t<div class=\"elementor-element elementor-element-d3b3355 elementor-widget-tablet__width-inherit elementor-widget elementor-widget-image\" data-id=\"d3b3355\" data-element_type=\"widget\" data-widget_type=\"image.default\">\n\t\t\t\t<div class=\"elementor-widget-container\">\n\t\t\t\t\t\t\t\t\t\t\t\t\t\t\t<img fetchpriority=\"high\" decoding=\"async\" width=\"384\" height=\"480\" src=\"https:\/\/data-and-data.com\/wp-content\/uploads\/2025\/04\/3-1.svg\" class=\"attachment-full size-full wp-image-5465\" alt=\"\" \/>\t\t\t\t\t\t\t\t\t\t\t\t\t\t\t<\/div>\n\t\t\t\t<\/div>\n\t\t<div class=\"elementor-element elementor-element-5a51efeb e-con-full e-flex e-con e-child\" data-id=\"5a51efeb\" data-element_type=\"container\" data-settings=\"{&quot;background_background&quot;:&quot;gradient&quot;}\">\n\t\t\t\t<div class=\"elementor-element elementor-element-44d4631b elementor-widget__width-initial elementor-widget elementor-widget-text-editor\" data-id=\"44d4631b\" data-element_type=\"widget\" data-widget_type=\"text-editor.default\">\n\t\t\t\t<div class=\"elementor-widget-container\">\n\t\t\t\t\t\t\t\t\t<p>THE SECOND-HAND MARKET: A GROWING PHENOMENON<\/p>\t\t\t\t\t\t\t\t<\/div>\n\t\t\t\t<\/div>\n\t\t\t\t<div class=\"elementor-element elementor-element-55ddadbf elementor-widget__width-initial elementor-widget elementor-widget-text-editor\" data-id=\"55ddadbf\" data-element_type=\"widget\" data-widget_type=\"text-editor.default\">\n\t\t\t\t<div class=\"elementor-widget-container\">\n\t\t\t\t\t\t\t\t\tThe second-hand market is growing exponentially. This business practice is reinforced by the exploitation of digital channels. The second-hand market has long been underestimated, particularly by luxury brands. Today, brands can no longer ignore it.\t\t\t\t\t\t\t\t<\/div>\n\t\t\t\t<\/div>\n\t\t\t\t<\/div>\n\t\t\t\t<\/div>\n\t\t<div class=\"elementor-element elementor-element-1c9e424d e-con-full e-flex e-con e-child\" data-id=\"1c9e424d\" data-element_type=\"container\">\n\t\t<div class=\"elementor-element elementor-element-24d66e66 e-con-full e-flex e-con e-child\" data-id=\"24d66e66\" data-element_type=\"container\">\n\t\t\t\t<div class=\"elementor-element elementor-element-7c574857 elementor-widget__width-initial elementor-widget elementor-widget-heading\" data-id=\"7c574857\" data-element_type=\"widget\" data-widget_type=\"heading.default\">\n\t\t\t\t<div class=\"elementor-widget-container\">\n\t\t\t\t\t<div class=\"elementor-heading-title elementor-size-default translation-block\">THE SECOND-HAND MARKET<\/div>\t\t\t\t<\/div>\n\t\t\t\t<\/div>\n\t\t<div class=\"elementor-element elementor-element-6dd59d5c e-con-full e-flex e-con e-child\" data-id=\"6dd59d5c\" data-element_type=\"container\">\n\t\t\t\t<div class=\"elementor-element elementor-element-56654260 elementor-widget__width-initial elementor-widget elementor-widget-text-editor\" data-id=\"56654260\" data-element_type=\"widget\" data-widget_type=\"text-editor.default\">\n\t\t\t\t<div class=\"elementor-widget-container\">\n\t\t\t\t\t\t\t\t\t<p>Capture second-hand market trends and seize growth opportunities<\/p>\t\t\t\t\t\t\t\t<\/div>\n\t\t\t\t<\/div>\n\t\t\t\t<div class=\"elementor-element elementor-element-70846149 elementor-widget__width-initial elementor-widget elementor-widget-text-editor\" data-id=\"70846149\" data-element_type=\"widget\" data-widget_type=\"text-editor.default\">\n\t\t\t\t<div class=\"elementor-widget-container\">\n\t\t\t\t\t\t\t\t\tAre you a <b>Marketing Director <\/b> and want to know which collections or items are available on the second-hand market? In particular, do you want to identify the most desirable attributes? <br\/><br\/>Are you a <b> Sales Director <\/b>  and would like to know which marketplaces sell these second-hand items? What if there are any commercial partnerships to establish?\t\t\t\t\t\t\t\t<\/div>\n\t\t\t\t<\/div>\n\t\t\t\t<\/div>\n\t\t\t\t<\/div>\n\t\t<div class=\"elementor-element elementor-element-5d8e70be e-con-full e-flex e-con e-child\" data-id=\"5d8e70be\" data-element_type=\"container\">\n\t\t\t\t<div class=\"elementor-element elementor-element-7f659bd9 elementor-widget__width-initial elementor-widget elementor-widget-text-editor\" data-id=\"7f659bd9\" data-element_type=\"widget\" data-widget_type=\"text-editor.default\">\n\t\t\t\t<div class=\"elementor-widget-container\">\n\t\t\t\t\t\t\t\t\tHere are 3 good reasons to take an interest in the second-hand market and seize growth opportunities\t\t\t\t\t\t\t\t<\/div>\n\t\t\t\t<\/div>\n\t\t\t\t<div class=\"elementor-element elementor-element-47adeee6 elementor-widget__width-initial elementor-widget elementor-widget-text-editor\" data-id=\"47adeee6\" data-element_type=\"widget\" data-widget_type=\"text-editor.default\">\n\t\t\t\t<div class=\"elementor-widget-container\">\n\t\t\t\t\t\t\t\t\t<p><strong>Benefit from new sources of growth<\/strong> <br \/>Buyers' enthusiasm for used products is growing. You have a new market to tap into, partnerships to establish, and a new customer base to attract.<\/p><p><strong>Observe trends and refine your strategies<\/strong> <br \/>Dans une d\u00e9marche toujours plus orient\u00e9e clients, le march\u00e9 de l\u2019occasion constitue un formidable laboratoire pour d\u00e9celer leurs attentes et permet :<\/p><p>Identify the most desirable product attributes, to the point of considering reissuing them.<\/p><p>Better assess the perceived value of your items, based on asking prices, and thus refine your pricing strategy for future new products.<\/p>\t\t\t\t\t\t\t\t<\/div>\n\t\t\t\t<\/div>\n\t\t\t\t<\/div>\n\t\t<div class=\"elementor-element elementor-element-7f1a8cf3 e-con-full e-flex e-con e-child\" data-id=\"7f1a8cf3\" data-element_type=\"container\">\n\t\t\t\t<div class=\"elementor-element elementor-element-5cdccc8b elementor-widget__width-initial elementor-widget elementor-widget-text-editor\" data-id=\"5cdccc8b\" data-element_type=\"widget\" data-widget_type=\"text-editor.default\">\n\t\t\t\t<div class=\"elementor-widget-container\">\n\t\t\t\t\t\t\t\t\tWhat tools are available to seize growth opportunities in the second-hand market?\t\t\t\t\t\t\t\t<\/div>\n\t\t\t\t<\/div>\n\t\t\t\t<div class=\"elementor-element elementor-element-594d526 elementor-widget__width-initial elementor-widget elementor-widget-text-editor\" data-id=\"594d526\" data-element_type=\"widget\" data-widget_type=\"text-editor.default\">\n\t\t\t\t<div class=\"elementor-widget-container\">\n\t\t\t\t\t\t\t\t\tDATA&amp;DATA solutions allow you to quantify and qualify the extent of your brand's online presence and that of your competitors in the second-hand market: <br\/><br\/>Evaluation of available volumes and monitoring of prices charged for your brand's products and those of the competition. <br\/><br\/>Identification of the main players in this market and analysis of their activity <br\/><br\/>DATA&amp;DATA gives you the means to control the distribution of your second-hand products.\t\t\t\t\t\t\t\t<\/div>\n\t\t\t\t<\/div>\n\t\t\t\t<\/div>\n\t\t<div class=\"elementor-element elementor-element-e8ea012 e-con-full e-flex e-con e-child\" data-id=\"e8ea012\" data-element_type=\"container\">\n\t\t<div class=\"elementor-element elementor-element-37bc0ac2 e-con-full e-flex e-con e-child\" data-id=\"37bc0ac2\" data-element_type=\"container\">\n\t\t<div class=\"elementor-element elementor-element-5517268b e-con-full e-flex e-con e-child\" data-id=\"5517268b\" data-element_type=\"container\">\n\t\t\t\t<div class=\"elementor-element elementor-element-50227d8a elementor-widget__width-initial elementor-widget elementor-widget-text-editor\" data-id=\"50227d8a\" data-element_type=\"widget\" data-widget_type=\"text-editor.default\">\n\t\t\t\t<div class=\"elementor-widget-container\">\n\t\t\t\t\t\t\t\t\t<p>Access monthly dashboards via our secure online platform\u200b<\/p>\t\t\t\t\t\t\t\t<\/div>\n\t\t\t\t<\/div>\n\t\t\t\t<div class=\"elementor-element elementor-element-43c8a5ae elementor-widget__width-initial elementor-widget elementor-widget-text-editor\" data-id=\"43c8a5ae\" data-element_type=\"widget\" data-widget_type=\"text-editor.default\">\n\t\t\t\t<div class=\"elementor-widget-container\">\n\t\t\t\t\t\t\t\t\t<p>Explicit and easy to use, our dashboards summarize key indicators that enable Marketing and Sales departments to make the right strategic and operational decisions. The dashboards are customizable and downloadable.<\/p>\t\t\t\t\t\t\t\t<\/div>\n\t\t\t\t<\/div>\n\t\t\t\t<\/div>\n\t\t\t\t<div class=\"elementor-element elementor-element-120098d5 elementor-widget-tablet__width-inherit elementor-widget elementor-widget-image\" data-id=\"120098d5\" data-element_type=\"widget\" data-widget_type=\"image.default\">\n\t\t\t\t<div class=\"elementor-widget-container\">\n\t\t\t\t\t\t\t\t\t\t\t\t\t\t\t<img decoding=\"async\" width=\"1200\" height=\"625\" src=\"https:\/\/data-and-data.com\/wp-content\/uploads\/2025\/04\/Swati-DataData-3.png\" class=\"attachment-full size-full wp-image-5608\" alt=\"\" srcset=\"https:\/\/data-and-data.com\/wp-content\/uploads\/2025\/04\/Swati-DataData-3.png 1200w, https:\/\/data-and-data.com\/wp-content\/uploads\/2025\/04\/Swati-DataData-3-300x156.png 300w, https:\/\/data-and-data.com\/wp-content\/uploads\/2025\/04\/Swati-DataData-3-1024x533.png 1024w, https:\/\/data-and-data.com\/wp-content\/uploads\/2025\/04\/Swati-DataData-3-768x400.png 768w, https:\/\/data-and-data.com\/wp-content\/uploads\/2025\/04\/Swati-DataData-3-18x9.png 18w\" sizes=\"(max-width: 1200px) 100vw, 1200px\" \/>\t\t\t\t\t\t\t\t\t\t\t\t\t\t\t<\/div>\n\t\t\t\t<\/div>\n\t\t\t\t<\/div>\n\t\t\t\t<div class=\"elementor-element elementor-element-704bc239 elementor-align-justify elementor-widget elementor-widget-button\" data-id=\"704bc239\" data-element_type=\"widget\" data-widget_type=\"button.default\">\n\t\t\t\t<div class=\"elementor-widget-container\">\n\t\t\t\t\t\t\t\t\t<div class=\"elementor-button-wrapper\">\n\t\t\t\t\t<a class=\"elementor-button elementor-button-link elementor-size-sm\" href=\"https:\/\/data-and-data.com\/en\/contact\/\">\n\t\t\t\t\t\t<span class=\"elementor-button-content-wrapper\">\n\t\t\t\t\t\t<span class=\"elementor-button-icon\">\n\t\t\t\t<svg xmlns=\"http:\/\/www.w3.org\/2000\/svg\" width=\"30\" height=\"20\" viewbox=\"0 0 30 20\" fill=\"none\"><path d=\"M0 10H28.0357\" stroke=\"white\" stroke-miterlimit=\"10\"><\/path><path d=\"M18.5713 0.994873L28.0356 10L18.5713 19.0052\" stroke=\"white\" stroke-miterlimit=\"10\"><\/path><\/svg>\t\t\t<\/span>\n\t\t\t\t\t\t\t\t\t<span class=\"elementor-button-text\">Schedule A Demo<\/span>\n\t\t\t\t\t<\/span>\n\t\t\t\t\t<\/a>\n\t\t\t\t<\/div>\n\t\t\t\t\t\t\t\t<\/div>\n\t\t\t\t<\/div>\n\t\t\t\t<\/div>\n\t\t\t\t<\/div>\n\t\t\t\t<\/div>\n\t\t<div class=\"elementor-element elementor-element-15563934 e-con-full e-flex e-con e-parent\" data-id=\"15563934\" data-element_type=\"container\" data-settings=\"{&quot;background_background&quot;:&quot;classic&quot;}\">\n\t\t\t\t<div class=\"elementor-element elementor-element-75fb6da3 elementor-widget__width-initial elementor-widget elementor-widget-heading\" data-id=\"75fb6da3\" data-element_type=\"widget\" data-widget_type=\"heading.default\">\n\t\t\t\t<div class=\"elementor-widget-container\">\n\t\t\t\t\t<div class=\"elementor-heading-title elementor-size-default\">See Our Solutions For<\/div>\t\t\t\t<\/div>\n\t\t\t\t<\/div>\n\t\t<div class=\"elementor-element elementor-element-2eaa222 e-con-full e-flex e-con e-child\" data-id=\"2eaa222\" data-element_type=\"container\">\n\t\t<div class=\"elementor-element elementor-element-c144af5 e-con-full e-flex e-con e-child\" data-id=\"c144af5\" data-element_type=\"container\" data-settings=\"{&quot;background_background&quot;:&quot;classic&quot;}\">\n\t\t\t\t<div class=\"elementor-element elementor-element-82b1bd2 elementor-absolute elementor-widget__width-initial elementor-widget elementor-widget-image\" data-id=\"82b1bd2\" data-element_type=\"widget\" data-settings=\"{&quot;_position&quot;:&quot;absolute&quot;}\" data-widget_type=\"image.default\">\n\t\t\t\t<div class=\"elementor-widget-container\">\n\t\t\t\t\t\t\t\t\t\t\t\t\t\t\t<img decoding=\"async\" width=\"384\" height=\"480\" src=\"https:\/\/data-and-data.com\/wp-content\/uploads\/2025\/04\/2-1.svg\" class=\"attachment-full size-full wp-image-5464\" alt=\"\" \/>\t\t\t\t\t\t\t\t\t\t\t\t\t\t\t<\/div>\n\t\t\t\t<\/div>\n\t\t<div class=\"elementor-element elementor-element-8d1630c e-con-full e-flex e-con e-child\" data-id=\"8d1630c\" data-element_type=\"container\" data-settings=\"{&quot;position&quot;:&quot;absolute&quot;}\">\n\t\t\t\t<div class=\"elementor-element elementor-element-982207a elementor-widget__width-initial elementor-widget-tablet__width-initial elementor-widget elementor-widget-heading\" data-id=\"982207a\" data-element_type=\"widget\" data-widget_type=\"heading.default\">\n\t\t\t\t<div class=\"elementor-widget-container\">\n\t\t\t\t\t<h1 class=\"elementor-heading-title elementor-size-default\"><a href=\"https:\/\/data-and-data.com\/en\/solutions-marche-gris\/\"><u>The Grey Market<\/u><\/a><\/h1>\t\t\t\t<\/div>\n\t\t\t\t<\/div>\n\t\t\t\t<\/div>\n\t\t\t\t<\/div>\n\t\t<div class=\"elementor-element elementor-element-9d89a49 e-con-full e-flex e-con e-child\" data-id=\"9d89a49\" data-element_type=\"container\" data-settings=\"{&quot;background_background&quot;:&quot;classic&quot;}\">\n\t\t<div class=\"elementor-element elementor-element-87efa70 e-con-full e-flex e-con e-child\" data-id=\"87efa70\" data-element_type=\"container\" data-settings=\"{&quot;position&quot;:&quot;absolute&quot;}\">\n\t\t\t\t<div class=\"elementor-element elementor-element-c775abb elementor-widget__width-initial elementor-widget elementor-widget-heading\" data-id=\"c775abb\" data-element_type=\"widget\" data-widget_type=\"heading.default\">\n\t\t\t\t<div class=\"elementor-widget-container\">\n\t\t\t\t\t<h1 class=\"elementor-heading-title elementor-size-default\"><a href=\"https:\/\/data-and-data.com\/en\/solutions-marche-concurrentiel\/\"><u>The Competitive <span style=\"color: var( --e-global-color-primary );text-align: var(--text-align)\"> <br> Intelligence<\/span><\/u><\/a><\/h1>\t\t\t\t<\/div>\n\t\t\t\t<\/div>\n\t\t\t\t<\/div>\n\t\t\t\t<div class=\"elementor-element elementor-element-43bb8e0 elementor-absolute elementor-widget__width-initial elementor-widget elementor-widget-image\" data-id=\"43bb8e0\" data-element_type=\"widget\" data-settings=\"{&quot;_position&quot;:&quot;absolute&quot;}\" data-widget_type=\"image.default\">\n\t\t\t\t<div class=\"elementor-widget-container\">\n\t\t\t\t\t\t\t\t\t\t\t\t\t\t\t<img loading=\"lazy\" decoding=\"async\" width=\"384\" height=\"480\" src=\"https:\/\/data-and-data.com\/wp-content\/uploads\/2025\/04\/1-1.svg\" class=\"attachment-full size-full wp-image-5463\" alt=\"\" \/>\t\t\t\t\t\t\t\t\t\t\t\t\t\t\t<\/div>\n\t\t\t\t<\/div>\n\t\t\t\t<\/div>\n\t\t\t\t<\/div>\n\t\t\t\t<\/div>\n\t\t\t\t<\/div>","protected":false},"excerpt":{"rendered":"<p>Le march\u00e9 de la seconde main\u00a0: un ph\u00e9nom\u00e8ne qui prend de l\u2019ampleur La croissance du march\u00e9 de la seconde main [&hellip;]<\/p>","protected":false},"author":5,"featured_media":0,"parent":0,"menu_order":0,"comment_status":"closed","ping_status":"closed","template":"","meta":{"site-sidebar-layout":"default","site-content-layout":"","ast-site-content-layout":"","site-content-style":"default","site-sidebar-style":"default","ast-global-header-display":"","ast-banner-title-visibility":"","ast-main-header-display":"","ast-hfb-above-header-display":"","ast-hfb-below-header-display":"","ast-hfb-mobile-header-display":"","site-post-title":"disabled","ast-breadcrumbs-content":"","ast-featured-img":"","footer-sml-layout":"","theme-transparent-header-meta":"","adv-header-id-meta":"","stick-header-meta":"","header-above-stick-meta":"","header-main-stick-meta":"","header-below-stick-meta":"","astra-migrate-meta-layouts":"default","ast-page-background-enabled":"default","ast-page-background-meta":{"desktop":{"background-color":"var(--ast-global-color-5)","background-image":"","background-repeat":"repeat","background-position":"center center","background-size":"auto","background-attachment":"scroll","background-type":"","background-media":"","overlay-type":"","overlay-color":"","overlay-opacity":"","overlay-gradient":""},"tablet":{"background-color":"","background-image":"","background-repeat":"repeat","background-position":"center center","background-size":"auto","background-attachment":"scroll","background-type":"","background-media":"","overlay-type":"","overlay-color":"","overlay-opacity":"","overlay-gradient":""},"mobile":{"background-color":"","background-image":"","background-repeat":"repeat","background-position":"center center","background-size":"auto","background-attachment":"scroll","background-type":"","background-media":"","overlay-type":"","overlay-color":"","overlay-opacity":"","overlay-gradient":""}},"ast-content-background-meta":{"desktop":{"background-color":"var(--ast-global-color-4)","background-image":"","background-repeat":"repeat","background-position":"center center","background-size":"auto","background-attachment":"scroll","background-type":"","background-media":"","overlay-type":"","overlay-color":"","overlay-opacity":"","overlay-gradient":""},"tablet":{"background-color":"var(--ast-global-color-4)","background-image":"","background-repeat":"repeat","background-position":"center center","background-size":"auto","background-attachment":"scroll","background-type":"","background-media":"","overlay-type":"","overlay-color":"","overlay-opacity":"","overlay-gradient":""},"mobile":{"background-color":"var(--ast-global-color-4)","background-image":"","background-repeat":"repeat","background-position":"center center","background-size":"auto","background-attachment":"scroll","background-type":"","background-media":"","overlay-type":"","overlay-color":"","overlay-opacity":"","overlay-gradient":""}},"footnotes":""},"class_list":["post-4872","page","type-page","status-publish","hentry"],"_links":{"self":[{"href":"https:\/\/data-and-data.com\/en\/wp-json\/wp\/v2\/pages\/4872","targetHints":{"allow":["GET"]}}],"collection":[{"href":"https:\/\/data-and-data.com\/en\/wp-json\/wp\/v2\/pages"}],"about":[{"href":"https:\/\/data-and-data.com\/en\/wp-json\/wp\/v2\/types\/page"}],"author":[{"embeddable":true,"href":"https:\/\/data-and-data.com\/en\/wp-json\/wp\/v2\/users\/5"}],"replies":[{"embeddable":true,"href":"https:\/\/data-and-data.com\/en\/wp-json\/wp\/v2\/comments?post=4872"}],"version-history":[{"count":21,"href":"https:\/\/data-and-data.com\/en\/wp-json\/wp\/v2\/pages\/4872\/revisions"}],"predecessor-version":[{"id":5678,"href":"https:\/\/data-and-data.com\/en\/wp-json\/wp\/v2\/pages\/4872\/revisions\/5678"}],"wp:attachment":[{"href":"https:\/\/data-and-data.com\/en\/wp-json\/wp\/v2\/media?parent=4872"}],"curies":[{"name":"wp","href":"https:\/\/api.w.org\/{rel}","templated":true}]}}